{"id":882,"date":"2019-09-24T11:48:21","date_gmt":"2019-09-24T09:48:21","guid":{"rendered":"https:\/\/www.bischoff-textil.com\/impressum"},"modified":"2023-09-22T13:23:16","modified_gmt":"2023-09-22T11:23:16","slug":"imprint","status":"publish","type":"page","link":"https:\/\/www.bischoff-textil.com\/en\/imprint","title":{"rendered":"Imprint"},"content":{"rendered":"\n<p>Bischoff Textil AG<br>Bogenstrasse 9<br>CH-9000&nbsp;St. Gallen<\/p>\n\n\n\n<p>T&nbsp;<a href=\"tel:+41712720111\"><\/a><a href=\"tel:+41712720111\">+41 71 272 01 11<\/a><br><a href=\"mailto:info@bischoff-textil.com\">info@bischoff-textil.com<\/a><\/p>\n\n\n\n<p>UID:  CHE-105.960.669<\/p>\n\n\n\n<p>Webdesign &amp; Umsetzung: <a title=\"Websites, Online Shops, Typo3, WordPress\" href=\"https:\/\/www.nextag.ch\" target=\"_blank\" rel=\"noreferrer noopener\">Next AG<\/a><br>Hosting:&nbsp;<a href=\"https:\/\/www.cyon.ch\/\" target=\"_blank\" rel=\"noreferrer noopener\">cyon<\/a><\/p>\n\n\n\n<h2 class=\"wp-block-heading\">Haftungsausschluss<\/h2>\n\n\n\n<p>Der Autor \u00fcbernimmt keinerlei Gew\u00e4hr hinsichtlich der inhaltlichen Richtigkeit, Genauigkeit, Aktualit\u00e4t, Zuverl\u00e4ssigkeit und Vollst\u00e4ndigkeit der Informationen. Haftungsanspr\u00fcche gegen den Autor wegen Sch\u00e4den materieller oder immaterieller Art, welche aus dem Zugriff oder der Nutzung bzw. Nichtnutzung der ver\u00f6ffentlichten Informationen, durch Missbrauch der Verbindung oder durch technische St\u00f6rungen entstanden sind, werden ausgeschlossen. Alle Angebote sind unverbindlich. Der Autor beh\u00e4lt es sich ausdr\u00fccklich vor, Teile der Seiten oder das gesamte Angebot ohne gesonderte Ank\u00fcndigung zu ver\u00e4ndern, zu erg\u00e4nzen, zu l\u00f6schen oder die Ver\u00f6ffentlichung zeitweise oder endg\u00fcltig einzustellen.&nbsp;<\/p>\n\n\n\n<h2 class=\"wp-block-heading\">Haftung f\u00fcr Links<\/h2>\n\n\n\n<p>Verweise und Links auf Webseiten Dritter liegen ausserhalb unseres Verantwortungsbereichs. Es wird jegliche Verantwortung f\u00fcr solche Webseiten abgelehnt. Der Zugriff und die Nutzung solcher Webseiten erfolgen auf eigene Gefahr des Nutzers oder der Nutzerin.&nbsp;<\/p>\n\n\n\n<h2 class=\"wp-block-heading\">Urheberrechte<\/h2>\n\n\n\n<p>Die Urheber- und alle anderen Rechte an Inhalten, Bildern, Fotos oder anderen Dateien auf der Website geh\u00f6ren ausschliesslich der oben genannten Firma\u00a0oder den speziell genannten Rechtsinhabern. F\u00fcr die Reproduktion jeglicher Elemente ist die schriftliche Zustimmung der Urheberrechtstr\u00e4ger im Voraus einzuholen.\u00a0<\/p>\n\n\n\n<p><a href=\"https:\/\/www.bischoff-textil.com\/en\/data-protection\">Data protection<\/a><\/p>\n","protected":false},"excerpt":{"rendered":"<p>Bischoff Textil AGBogenstrasse 9CH-9000&nbsp;St. Gallen T&nbsp;+41 71 272 01 11info@bischoff-textil.com UID: CHE-105.960.669 Webdesign &amp; Umsetzung: Next AGHosting:&nbsp;cyon Haftungsausschluss Der Autor \u00fcbernimmt keinerlei Gew\u00e4hr hinsichtlich der inhaltlichen Richtigkeit, Genauigkeit, Aktualit\u00e4t, Zuverl\u00e4ssigkeit und Vollst\u00e4ndigkeit der Informationen. Haftungsanspr\u00fcche gegen den Autor wegen Sch\u00e4den materieller oder immaterieller Art, welche aus dem Zugriff oder der Nutzung bzw. Nichtnutzung der ver\u00f6ffentlichten [&hellip;]<\/p>\n","protected":false},"author":1,"featured_media":0,"parent":0,"menu_order":13,"comment_status":"closed","ping_status":"closed","template":"","meta":{"_acf_changed":false,"footnotes":""},"class_list":["post-882","page","type-page","status-publish","hentry"],"acf":[],"yoast_head":"<!-- This site is optimized with the Yoast SEO plugin v27.5 - https:\/\/yoast.com\/product\/yoast-seo-wordpress\/ -->\n<title>Imprint - Bischoff Textil AG<\/title>\n<meta name=\"description\" content=\"Imprint - Our focus is on custom embroideries, technical textiles and specialties. We develop them at the customer&#039;s request - with a great deal of sensitivity, flexibility and the highest standards of quality. In doing so, we rely on over 90 years of experience in the embroidery sector and the production location Switzerland.\" \/>\n<meta name=\"robots\" content=\"index, follow, max-snippet:-1, max-image-preview:large, max-video-preview:-1\" \/>\n<link rel=\"canonical\" href=\"https:\/\/www.bischoff-textil.com\/en\/imprint\" \/>\n<meta property=\"og:locale\" content=\"en_GB\" \/>\n<meta property=\"og:type\" content=\"article\" \/>\n<meta property=\"og:title\" content=\"Imprint - Bischoff Textil AG\" \/>\n<meta property=\"og:description\" content=\"Imprint - Our focus is on custom embroideries, technical textiles and specialties. We develop them at the customer&#039;s request - with a great deal of sensitivity, flexibility and the highest standards of quality. In doing so, we rely on over 90 years of experience in the embroidery sector and the production location Switzerland.\" \/>\n<meta property=\"og:url\" content=\"https:\/\/www.bischoff-textil.com\/en\/imprint\" \/>\n<meta property=\"og:site_name\" content=\"Bischoff Textil AG\" \/>\n<meta property=\"article:modified_time\" content=\"2023-09-22T11:23:16+00:00\" \/>\n<meta property=\"og:image\" content=\"https:\/\/www.bischoff-textil.com\/wp-content\/uploads\/2021\/07\/h-bischoff-textil-01.jpg\" \/>\n\t<meta property=\"og:image:width\" content=\"2000\" \/>\n\t<meta property=\"og:image:height\" content=\"1000\" \/>\n\t<meta property=\"og:image:type\" content=\"image\/jpeg\" \/>\n<meta name=\"twitter:card\" content=\"summary_large_image\" \/>\n<meta name=\"twitter:image\" content=\"https:\/\/www.bischoff-textil.com\/wp-content\/uploads\/2021\/07\/h-bischoff-textil-01.jpg\" \/>\n<meta name=\"twitter:label1\" content=\"Est. reading time\" \/>\n\t<meta name=\"twitter:data1\" content=\"2 minutes\" \/>\n<script type=\"application\/ld+json\" class=\"yoast-schema-graph\">{\"@context\":\"https:\\\/\\\/schema.org\",\"@graph\":[{\"@type\":\"WebPage\",\"@id\":\"https:\\\/\\\/www.bischoff-textil.com\\\/en\\\/imprint\",\"url\":\"https:\\\/\\\/www.bischoff-textil.com\\\/en\\\/imprint\",\"name\":\"Imprint - Bischoff Textil AG\",\"isPartOf\":{\"@id\":\"https:\\\/\\\/www.bischoff-textil.com\\\/en#website\"},\"datePublished\":\"2019-09-24T09:48:21+00:00\",\"dateModified\":\"2023-09-22T11:23:16+00:00\",\"description\":\"Imprint - Our focus is on custom embroideries, technical textiles and specialties. We develop them at the customer's request - with a great deal of sensitivity, flexibility and the highest standards of quality. In doing so, we rely on over 90 years of experience in the embroidery sector and the production location Switzerland.\",\"breadcrumb\":{\"@id\":\"https:\\\/\\\/www.bischoff-textil.com\\\/en\\\/imprint#breadcrumb\"},\"inLanguage\":\"en-GB\",\"potentialAction\":[{\"@type\":\"ReadAction\",\"target\":[\"https:\\\/\\\/www.bischoff-textil.com\\\/en\\\/imprint\"]}]},{\"@type\":\"BreadcrumbList\",\"@id\":\"https:\\\/\\\/www.bischoff-textil.com\\\/en\\\/imprint#breadcrumb\",\"itemListElement\":[{\"@type\":\"ListItem\",\"position\":1,\"name\":\"Home\",\"item\":\"https:\\\/\\\/www.bischoff-textil.com\\\/en\"},{\"@type\":\"ListItem\",\"position\":2,\"name\":\"Imprint\"}]},{\"@type\":\"WebSite\",\"@id\":\"https:\\\/\\\/www.bischoff-textil.com\\\/en#website\",\"url\":\"https:\\\/\\\/www.bischoff-textil.com\\\/en\",\"name\":\"Bischoff Textil AG\",\"description\":\"\",\"potentialAction\":[{\"@type\":\"SearchAction\",\"target\":{\"@type\":\"EntryPoint\",\"urlTemplate\":\"https:\\\/\\\/www.bischoff-textil.com\\\/en?s={search_term_string}\"},\"query-input\":{\"@type\":\"PropertyValueSpecification\",\"valueRequired\":true,\"valueName\":\"search_term_string\"}}],\"inLanguage\":\"en-GB\"}]}<\/script>\n<!-- \/ Yoast SEO plugin. -->","yoast_head_json":{"title":"Imprint - Bischoff Textil AG","description":"Imprint - Our focus is on custom embroideries, technical textiles and specialties. We develop them at the customer's request - with a great deal of sensitivity, flexibility and the highest standards of quality. In doing so, we rely on over 90 years of experience in the embroidery sector and the production location Switzerland.","robots":{"index":"index","follow":"follow","max-snippet":"max-snippet:-1","max-image-preview":"max-image-preview:large","max-video-preview":"max-video-preview:-1"},"canonical":"https:\/\/www.bischoff-textil.com\/en\/imprint","og_locale":"en_GB","og_type":"article","og_title":"Imprint - Bischoff Textil AG","og_description":"Imprint - Our focus is on custom embroideries, technical textiles and specialties. We develop them at the customer's request - with a great deal of sensitivity, flexibility and the highest standards of quality. In doing so, we rely on over 90 years of experience in the embroidery sector and the production location Switzerland.","og_url":"https:\/\/www.bischoff-textil.com\/en\/imprint","og_site_name":"Bischoff Textil AG","article_modified_time":"2023-09-22T11:23:16+00:00","og_image":[{"width":2000,"height":1000,"url":"https:\/\/www.bischoff-textil.com\/wp-content\/uploads\/2021\/07\/h-bischoff-textil-01.jpg","type":"image\/jpeg"}],"twitter_card":"summary_large_image","twitter_image":"https:\/\/www.bischoff-textil.com\/wp-content\/uploads\/2021\/07\/h-bischoff-textil-01.jpg","twitter_misc":{"Est. reading time":"2 minutes"},"schema":{"@context":"https:\/\/schema.org","@graph":[{"@type":"WebPage","@id":"https:\/\/www.bischoff-textil.com\/en\/imprint","url":"https:\/\/www.bischoff-textil.com\/en\/imprint","name":"Imprint - Bischoff Textil AG","isPartOf":{"@id":"https:\/\/www.bischoff-textil.com\/en#website"},"datePublished":"2019-09-24T09:48:21+00:00","dateModified":"2023-09-22T11:23:16+00:00","description":"Imprint - Our focus is on custom embroideries, technical textiles and specialties. We develop them at the customer's request - with a great deal of sensitivity, flexibility and the highest standards of quality. In doing so, we rely on over 90 years of experience in the embroidery sector and the production location Switzerland.","breadcrumb":{"@id":"https:\/\/www.bischoff-textil.com\/en\/imprint#breadcrumb"},"inLanguage":"en-GB","potentialAction":[{"@type":"ReadAction","target":["https:\/\/www.bischoff-textil.com\/en\/imprint"]}]},{"@type":"BreadcrumbList","@id":"https:\/\/www.bischoff-textil.com\/en\/imprint#breadcrumb","itemListElement":[{"@type":"ListItem","position":1,"name":"Home","item":"https:\/\/www.bischoff-textil.com\/en"},{"@type":"ListItem","position":2,"name":"Imprint"}]},{"@type":"WebSite","@id":"https:\/\/www.bischoff-textil.com\/en#website","url":"https:\/\/www.bischoff-textil.com\/en","name":"Bischoff Textil AG","description":"","potentialAction":[{"@type":"SearchAction","target":{"@type":"EntryPoint","urlTemplate":"https:\/\/www.bischoff-textil.com\/en?s={search_term_string}"},"query-input":{"@type":"PropertyValueSpecification","valueRequired":true,"valueName":"search_term_string"}}],"inLanguage":"en-GB"}]}},"_links":{"self":[{"href":"https:\/\/www.bischoff-textil.com\/en\/wp-json\/wp\/v2\/pages\/882","targetHints":{"allow":["GET"]}}],"collection":[{"href":"https:\/\/www.bischoff-textil.com\/en\/wp-json\/wp\/v2\/pages"}],"about":[{"href":"https:\/\/www.bischoff-textil.com\/en\/wp-json\/wp\/v2\/types\/page"}],"author":[{"embeddable":true,"href":"https:\/\/www.bischoff-textil.com\/en\/wp-json\/wp\/v2\/users\/1"}],"replies":[{"embeddable":true,"href":"https:\/\/www.bischoff-textil.com\/en\/wp-json\/wp\/v2\/comments?post=882"}],"version-history":[{"count":0,"href":"https:\/\/www.bischoff-textil.com\/en\/wp-json\/wp\/v2\/pages\/882\/revisions"}],"wp:attachment":[{"href":"https:\/\/www.bischoff-textil.com\/en\/wp-json\/wp\/v2\/media?parent=882"}],"curies":[{"name":"wp","href":"https:\/\/api.w.org\/{rel}","templated":true}]}}