{"id":1004,"date":"2019-09-24T09:01:53","date_gmt":"2019-09-24T07:01:53","guid":{"rendered":"https:\/\/www.bischoff-textil.com\/datenschutzerklaerung"},"modified":"2023-09-22T13:18:45","modified_gmt":"2023-09-22T11:18:45","slug":"data-protection","status":"publish","type":"page","link":"https:\/\/www.bischoff-textil.com\/en\/data-protection","title":{"rendered":"Data protection"},"content":{"rendered":"\n<div style=\"height:60px\" aria-hidden=\"true\" class=\"wp-block-spacer\"><\/div>\n\n\n\n<p>Der Schutz Ihrer Privatsph\u00e4re ist f\u00fcr uns sehr wichtig. Nachstehend informieren wir Sie ausf\u00fchrlich \u00fcber die Verarbeitung von personenbezogenen Daten durch die Bischoff Textil AG, Bogenstrasse 9, 9000 St. Gallen.<\/p>\n\n\n\n<p><strong>1. Verarbeitung von personenbezogenen Daten<\/strong>&nbsp;<\/p>\n\n\n\n<p><strong>1.1. Besuch unserer Webseiten<\/strong><\/p>\n\n\n\n<p>Bei jedem Aufruf unserer Webseite speichert der Webserver automatisch ein sogenanntes Server-Logfile, das z.B. den Namen der aufgerufenen URL, die IP-Adresse des Users, Datum und Uhrzeit des Abrufs, den genutzten Browser, die \u00fcbertragene Datenmenge, den http-Status-Code und den anfragenden Provider (Zugriffsdaten) enth\u00e4lt und den Abruf dokumentiert.<\/p>\n\n\n\n<p>Diese Zugriffsdaten werden ausschliesslich zum Zwecke der Sicherstellung eines st\u00f6rungsfreien Betriebs der Seite sowie der Verbesserung unseres Angebots ausgewertet. Dies dient der Wahrung unserer im Rahmen einer Interessensabw\u00e4gung \u00fcberwiegenden berechtigten Interessen an einer korrekten Darstellung unseres Angebots.<\/p>\n\n\n\n<p><strong>1.2. Hostingdienstleistungen durch Drittanbieter<\/strong><\/p>\n\n\n\n<p>Im Rahmen einer Verarbeitung in unserem Auftrag erbringen Drittanbieter f\u00fcr uns die Dienste zum Hosting und zur Darstellung der Webseiten. Dies dient der Wahrung unserer im Rahmen einer Interessensabw\u00e4gung \u00fcberwiegenden berechtigten Interessen an einer korrekten Darstellung unserer Angebote und Dienstleistungen.<\/p>\n\n\n\n<p><strong>1.3. Datenerhebung und -verwendung zur Vertragsabwicklung<\/strong><\/p>\n\n\n\n<p>In folgenden F\u00e4llen ben\u00f6tigen wir personenbezogene Daten:<\/p>\n\n\n\n<ul class=\"wp-block-list\"><li>bei der Kontaktaufnahme mit uns<\/li><li>um mehr Komfort- und Sicherheitsfunktionen auf unserer Website anbieten zu k\u00f6nnen<\/li><\/ul>\n\n\n\n<p>Wir erheben personenbezogene Daten, wenn Sie uns diese im Rahmen einer Kontaktaufnahme (z.B. per Kontaktformular oder E-Mail) freiwillig mitteilen. Pflichtfelder werden als solche gekennzeichnet, da wir in diesen F\u00e4llen die Daten zwingend zur Bearbeitung der Kontaktaufnahme ben\u00f6tigen und ohne deren Angabe die Kontaktaufnahme nicht versendet werden kann.<\/p>\n\n\n\n<p>Welche Daten erhoben werden, ist aus den jeweiligen Eingabeformularen ersichtlich. Wir verwenden die uns in diesem Zusammenhang \u00fcbermittelten Daten zur Vertragsabwicklung und Bearbeitung der n\u00e4mlichen Anfragen.<\/p>\n\n\n\n<p>Nach vollst\u00e4ndiger Abwicklung des Vertrages oder L\u00f6schung eines Kundenkontos werden die damit zusammenh\u00e4ngenden Daten f\u00fcr die weitere Verarbeitung eingeschr\u00e4nkt und nach Ablauf der steuer- und handelsrechtlichen Aufbewahrungsfristen gel\u00f6scht, sofern Sie nicht ausdr\u00fccklich in eine weitere Nutzung Ihrer Daten eingewilligt haben oder wir uns eine dar\u00fcber hinausgehende Datenverwendung vorbehalten, die gesetzlich erlaubt ist und \u00fcber die wir Sie in dieser Erkl\u00e4rung informieren.<\/p>\n\n\n\n<p>Dar\u00fcber hinaus behalten wir uns vor, Ihren Vor- und Nachnamen sowie Ihre Postanschrift f\u00fcr eigene Werbezwecke zu nutzen, z.B. zur Zusendung von interessanten Angeboten und Informationen zu unseren Produkten per Briefpost. Dies dient der Wahrung unserer im Rahmen einer Interessensabw\u00e4gung \u00fcberwiegenden berechtigten Interessen an einer werblichen Ansprache unserer Kunden.<\/p>\n\n\n\n<p>Die Werbesendungen werden im Rahmen einer Verarbeitung in unserem Auftrag durch einen Dienstleister erbracht, an den wir Ihre Daten hierzu weitergeben. Sie k\u00f6nnen der Speicherung und Verwendung Ihrer Daten zu diesen Zwecken jederzeit durch eine Nachricht an die im Impressum beschriebene Kontaktm\u00f6glichkeit widersprechen.<\/p>\n\n\n\n<p><strong>2. Cookies und Webanalyse<\/strong><\/p>\n\n\n\n<p><strong>2.1. Einsatz von Cookies<\/strong><\/p>\n\n\n\n<p>Um den Besuch unserer Website attraktiv zu gestalten und die Nutzung bestimmter Funktionen zu erm\u00f6glichen, um passende Produkte anzuzeigen oder zur Marktforschung verwenden wir auf verschiedenen Seiten sogenannte Cookies.<\/p>\n\n\n\n<p>Dies dient der Wahrung unserer im Rahmen einer Interessensabw\u00e4gung \u00fcberwiegenden berechtigten Interessen an einer optimierten Darstellung unseres Angebots. Cookies sind kleine Textdateien, die automatisch auf Ihrem Endger\u00e4t gespeichert werden. Einige der von uns verwendeten Cookies werden nach Ende der Browser-Sitzung, also nach Schliessen Ihres Browsers, wieder gel\u00f6scht (sog. Session-Cookies). Andere Cookies verbleiben auf dem Ger\u00e4t des Users und erm\u00f6glichen uns, den Browser beim n\u00e4chsten Besuch wiederzuerkennen (persistente Cookies). Die Dauer der Speicherung k\u00f6nnen Sie der \u00dcbersicht in den Cookie-Einstellungen Ihres Webbrowsers entnehmen. Mit der Nutzung unserer Webseiten willigen Sie ein, dass Cookies von uns gesetzt werden und damit personenbezogene Nutzungsdaten erhoben, gespeichert und genutzt werden, auch \u00fcber das Ende der Browser-Sitzung hinaus.<\/p>\n\n\n\n<p>Diese Einwilligung k\u00f6nnen Sie jederzeit widerrufen, indem Sie in der Browservoreinstellung die Annahme von Cookies ausschliessen und bereits gesetzte Cookies l\u00f6schen. Bei der Nichtannahme von Cookies kann die Funktionalit\u00e4t unserer Website jedoch eingeschr\u00e4nkt sein. Sie k\u00f6nnen Ihren Browser auch so einstellen, dass Sie \u00fcber das Setzen von Cookies informiert werden und einzeln \u00fcber deren Annahme entscheiden oder die Annahme von Cookies f\u00fcr bestimmte F\u00e4lle oder bestimmte Websites generell ausschliessen. Jeder Browser unterscheidet sich in der Art, wie er die Cookie-Einstellungen verwaltet. Weitere Informationen zu Cookies und deren Annahme oder Ablehnung finden sich unter folgenden Links der einschl\u00e4gigen Browser-Anbieter:<\/p>\n\n\n\n<p>Internet Explorer\u2122:&nbsp;<a href=\"https:\/\/windows.microsoft.com\/de-DE\/windows-vista\/Block-or-allow-cookies\" target=\"_blank\" rel=\"noreferrer noopener\">https:\/\/windows.microsoft.com\/de-DE\/windows-vista\/Block-or-allow-cookies<\/a><br>Safari\u2122:&nbsp;<a href=\"https:\/\/support.apple.com\/de-ch\/guide\/safari\/sfri11471\/mac\" target=\"_blank\" rel=\"noreferrer noopener\">https:\/\/support.apple.com\/de-ch\/guide\/safari\/sfri11471\/mac<\/a><br>Chrome\u2122:&nbsp;<a href=\"https:\/\/support.google.com\/chrome\/answer\/95647?hl=de&amp;hlrm=en\" target=\"_blank\" rel=\"noreferrer noopener\">https:\/\/support.google.com\/chrome\/answer\/95647?hl=de&amp;hlrm=en<\/a><br>Firefox\u2122:&nbsp;<a href=\"https:\/\/support.mozilla.org\/de\/kb\/cookies-erlauben-und-ablehnen\" target=\"_blank\" rel=\"noreferrer noopener\">https:\/\/support.mozilla.org\/de\/kb\/cookies-erlauben-und-ablehnen<\/a><br>Opera\u2122:&nbsp;<a href=\"https:\/\/help.opera.com\/de\/latest\/security-and-privacy\/\" target=\"_blank\" rel=\"noreferrer noopener\">https:\/\/help.opera.com\/de\/latest\/security-and-privacy\/<\/a><\/p>\n\n\n\n<p><strong>2.2. Einsatz von Google (Universal) Analytics zur Webanalyse<\/strong><\/p>\n\n\n\n<p>Unsere Website verwendet den Webanalysedienst Google Analytics von Google Inc., USA. Google Analytics verwendet Cookies (siehe vorne). Diese erm\u00f6glichen eine Analyse der Nutzung unseres Websiteangebotes inkl. IP-Adressen durch Google in den USA. Wir weisen darauf hin, dass auf dieser Website Google Analytics um den Code \u201egat._anonymizeIp();\u201c erweitert wurde, um eine anonymisierte Erfassung von IP-Adressen (sog. IP-Masking) zu gew\u00e4hrleisten. Ist die Anonymisierung aktiv, k\u00fcrzt Google IP-Adressen innerhalb von Mitgliedstaaten der Europ\u00e4ischen Union oder in anderen Vertragsstaaten des Abkommens \u00fcber den Europ\u00e4ischen Raum, weswegen keine R\u00fcckschl\u00fcsse auf Ihre Identit\u00e4t m\u00f6glich sind. Nur in Ausnahmef\u00e4llen wird die volle IP-Adresse an einen Server von Google in den USA \u00fcbertragen und dort gek\u00fcrzt. Google beachtet die Datenschutzbestimmungen des \u201eSwiss-USA Privacy Shield\u201c-Abkommens (<a href=\"https:\/\/www.privacyshield.gov\/\" target=\"_blank\" rel=\"noreferrer noopener\">www.privacyshield.gov<\/a>) und verf\u00fcgt damit \u00fcber ein ad\u00e4quates Datenschutzniveau. Google nutzt die gesammelten Informationen, um die Nutzung unserer Websites f\u00fcr uns auszuwerten, Berichte f\u00fcr uns diesbez\u00fcglich zu verfassen und andere diesbez\u00fcgliche Dienstleistungen an uns zu erbringen. Weitere Informationen dazu unter folgendem Link:&nbsp;<a href=\"https:\/\/www.google.com\/intl\/de\/analytics\/privacyoverview.html\" target=\"_blank\" rel=\"noreferrer noopener\">www.google.com\/intl\/de\/analytics\/privacyoverview.html<\/a>.<\/p>\n\n\n\n<p>Die Erfassung der durch das Cookie erzeugten und auf die Nutzung der Website bezogenen Daten (inkl. Ihrer IP-Adresse) sowie die Verarbeitung dieser Daten durch Google k\u00f6nnen durch unter folgendem Link erh\u00e4ltliche Browser-Plugin verhindert werden:&nbsp;<a href=\"https:\/\/tools.google.com\/dlpage\/gaoptout?hl=de\" target=\"_blank\" rel=\"noreferrer noopener\">tools.google.com\/dlpage\/gaoptout?hl=de<\/a>. Durch Klicken auf diesen Link wird ein Opt-out Cookie auf dem Rechner gespeichert, das ebenfalls eine Analyse durch Google verhindert. Jedoch muss dieser Vorgang nach jedem L\u00f6schen der Cookies wiederholt werden.<\/p>\n\n\n\n<p><strong>3. Hyperlinks zu anderen Websites<\/strong><\/p>\n\n\n\n<p>Manche unserer Internetangebote enthalten Links zu anderen Websites oder zu sozialen Netzwerken (z.B. Facebook). Wir \u00fcberwachen diese Websites nicht und sind weder f\u00fcr deren Inhalt noch deren Umgang mit pers\u00f6nlichen Daten verantwortlich.<\/p>\n\n\n\n<p><strong>4. Rechte, Auskunft und Kontakte<\/strong><\/p>\n\n\n\n<p>Kontakt f\u00fcr Ausk\u00fcnfte und Anliegen betreffend erfasster personenbezogener Daten sowie deren Verarbeitung, Datenberichtigungen, Widerspr\u00fcche zur Datenerfassung und Datenhaltung sowie Gesuche um Datenl\u00f6schungen:<\/p>\n\n\n\n<p>Bischoff Textil AG<br>Datenschutzbeauftragter<br>Bogenstrasse 9<br>CH-9000 St. Gallen<br>T&nbsp;<a href=\"tel:+41712720111\">+41 71 272 01 11<\/a><br><a href=\"mailto:info@bischoff-textil.com\">info@bischoff-textil.com<\/a><\/p>\n\n\n\n<p>Die zust\u00e4ndige Datenschutz-Aufsichtsbeh\u00f6rde f\u00fcr die Schweiz:&nbsp;Eidg. Datenschutz- und \u00d6ffentlichkeitsbeauftragte (ED\u00d6B):&nbsp;<a href=\"https:\/\/www.edoeb.admin.ch\/\" target=\"_blank\" rel=\"noreferrer noopener\">www.edoeb.admin.ch<\/a>.<\/p>\n\n\n\n<p><strong>5. Widerspruchsrecht<\/strong><\/p>\n\n\n\n<p>Sofern personenbezogene Daten mit Bezug zur Europ\u00e4ischen Union (EU) gem\u00e4ss Art. 3 EU-Datenschutz-Grundverordnung (DSGVO) auf Grundlage von berechtigten Interessen gem\u00e4ss Art. 6 Abs. 1 S. 1 lit. f DSGVO verarbeitet werden, besteht das Recht, gem\u00e4ss Art. 21 DSGVO Widerspruch gegen die Verarbeitung solcher Daten einzulegen, soweit daf\u00fcr Gr\u00fcnde vorliegen, die sich aus besonderer Situation ergeben oder sich der Widerspruch gegen Direktmarketingmassnahmen richtet. Im letzteren Fall haben Sie jederzeit die M\u00f6glichkeit, einer Verwendung Ihrer Daten zu Marketingzwecken mit Wirkung f\u00fcr die Zukunft zu widersprechen. Bitte beachten Sie, dass eine Bearbeitung aus systemtechnischen Gr\u00fcnden ein paar Tage in Anspruch nehmen kann.<\/p>\n\n\n\n<p><strong>6. SSL-Verschl\u00fcsselung<\/strong><\/p>\n\n\n\n<p>Diese Seite nutzt aus Gr\u00fcnden der Sicherheit und zum Schutz der \u00dcbertragung vertraulicher Inhalte, wie zum Beispiel der Anfragen, die Sie an uns als Seitenbetreiber senden, eine SSL-Verschl\u00fcsselung. Eine verschl\u00fcsselte Verbindung erkennen Sie daran, dass die Adresszeile des Browsers von \u00abhttp:\/\/\u00bb auf \u00abhttps:\/\/\u00bb wechselt und an dem Schloss-Symbol in Ihrer Browserzeile.<\/p>\n\n\n\n<p>Wenn die SSL Verschl\u00fcsselung aktiviert ist, k\u00f6nnen die Daten, die Sie an uns \u00fcbermitteln, nicht von Dritten mitgelesen werden.<\/p>\n\n\n\n<p><strong>7. Aufbewahrungsdauer und L\u00f6schung<\/strong><\/p>\n\n\n\n<p>Wir behalten personenbezogene Daten so lange auf, wie die betroffene Person uns daf\u00fcr ihre Einwilligung gibt, es f\u00fcr die Abwicklung der entsprechenden Rechtsbeziehung erforderlich und\/oder es gesetzlich geboten ist. Danach werden die personenbezogenen Daten technisch bestm\u00f6glich und ad\u00e4quat gel\u00f6scht.<\/p>\n\n\n\n<p><strong>8. \u00c4nderungen dieser Datenschutzerkl\u00e4rung<\/strong><\/p>\n\n\n\n<p>Soweit gesetzlich und oder tats\u00e4chlich notwendig, wird diese Datenschutzerkl\u00e4rung angepasst bzw. ge\u00e4ndert.<\/p>\n\n\n\n<p>St. Gallen, 22.09.2023<\/p>\n","protected":false},"excerpt":{"rendered":"<p>Der Schutz Ihrer Privatsph\u00e4re ist f\u00fcr uns sehr wichtig. Nachstehend informieren wir Sie ausf\u00fchrlich \u00fcber die Verarbeitung von personenbezogenen Daten durch die Bischoff Textil AG, Bogenstrasse 9, 9000 St. Gallen. 1. Verarbeitung von personenbezogenen Daten&nbsp; 1.1. Besuch unserer Webseiten Bei jedem Aufruf unserer Webseite speichert der Webserver automatisch ein sogenanntes Server-Logfile, das z.B. den Namen [&hellip;]<\/p>\n","protected":false},"author":1,"featured_media":0,"parent":0,"menu_order":24,"comment_status":"closed","ping_status":"closed","template":"","meta":{"_acf_changed":false,"footnotes":""},"class_list":["post-1004","page","type-page","status-publish","hentry"],"acf":[],"yoast_head":"<!-- This site is optimized with the Yoast SEO plugin v27.5 - https:\/\/yoast.com\/product\/yoast-seo-wordpress\/ -->\n<title>Data protection - Bischoff Textil AG<\/title>\n<meta name=\"description\" content=\"Data protection - Unser Fokus sind Auftragsstickereien, technische Textilien und Spezialit\u00e4ten. Wir entwickeln sie auf Kundenwunsch \u2013 mit viel Fingerspitzengef\u00fchl, Flexibilit\u00e4t und dem h\u00f6chsten Anspruch an Qualit\u00e4t. Dabei setzen wir auf \u00fcber 90 Jahre Erfahrung im Stickereibereich und den Produktionsstandort Schweiz.\" \/>\n<meta name=\"robots\" content=\"index, follow, max-snippet:-1, max-image-preview:large, max-video-preview:-1\" \/>\n<link rel=\"canonical\" href=\"https:\/\/www.bischoff-textil.com\/en\/data-protection\" \/>\n<meta property=\"og:locale\" content=\"en_GB\" \/>\n<meta property=\"og:type\" content=\"article\" \/>\n<meta property=\"og:title\" content=\"Data protection - Bischoff Textil AG\" \/>\n<meta property=\"og:description\" content=\"Data protection - Unser Fokus sind Auftragsstickereien, technische Textilien und Spezialit\u00e4ten. Wir entwickeln sie auf Kundenwunsch \u2013 mit viel Fingerspitzengef\u00fchl, Flexibilit\u00e4t und dem h\u00f6chsten Anspruch an Qualit\u00e4t. Dabei setzen wir auf \u00fcber 90 Jahre Erfahrung im Stickereibereich und den Produktionsstandort Schweiz.\" \/>\n<meta property=\"og:url\" content=\"https:\/\/www.bischoff-textil.com\/en\/data-protection\" \/>\n<meta property=\"og:site_name\" content=\"Bischoff Textil AG\" \/>\n<meta property=\"article:modified_time\" content=\"2023-09-22T11:18:45+00:00\" \/>\n<meta property=\"og:image\" content=\"https:\/\/www.bischoff-textil.com\/wp-content\/uploads\/2021\/07\/bischoff-textil-stickerei-st-gallen-1-1380x690.jpg\" \/>\n\t<meta property=\"og:image:width\" content=\"1380\" \/>\n\t<meta property=\"og:image:height\" content=\"690\" \/>\n\t<meta property=\"og:image:type\" content=\"image\/jpeg\" \/>\n<meta name=\"twitter:card\" content=\"summary_large_image\" \/>\n<meta name=\"twitter:image\" content=\"https:\/\/www.bischoff-textil.com\/wp-content\/uploads\/2021\/07\/bischoff-textil-stickerei-st-gallen-1.jpg\" \/>\n<script type=\"application\/ld+json\" class=\"yoast-schema-graph\">{\"@context\":\"https:\\\/\\\/schema.org\",\"@graph\":[{\"@type\":\"WebPage\",\"@id\":\"https:\\\/\\\/www.bischoff-textil.com\\\/en\\\/data-protection\",\"url\":\"https:\\\/\\\/www.bischoff-textil.com\\\/en\\\/data-protection\",\"name\":\"Data protection - Bischoff Textil AG\",\"isPartOf\":{\"@id\":\"https:\\\/\\\/www.bischoff-textil.com\\\/en#website\"},\"datePublished\":\"2019-09-24T07:01:53+00:00\",\"dateModified\":\"2023-09-22T11:18:45+00:00\",\"description\":\"Data protection - Unser Fokus sind Auftragsstickereien, technische Textilien und Spezialit\u00e4ten. Wir entwickeln sie auf Kundenwunsch \u2013 mit viel Fingerspitzengef\u00fchl, Flexibilit\u00e4t und dem h\u00f6chsten Anspruch an Qualit\u00e4t. Dabei setzen wir auf \u00fcber 90 Jahre Erfahrung im Stickereibereich und den Produktionsstandort Schweiz.\",\"breadcrumb\":{\"@id\":\"https:\\\/\\\/www.bischoff-textil.com\\\/en\\\/data-protection#breadcrumb\"},\"inLanguage\":\"en-GB\",\"potentialAction\":[{\"@type\":\"ReadAction\",\"target\":[\"https:\\\/\\\/www.bischoff-textil.com\\\/en\\\/data-protection\"]}]},{\"@type\":\"BreadcrumbList\",\"@id\":\"https:\\\/\\\/www.bischoff-textil.com\\\/en\\\/data-protection#breadcrumb\",\"itemListElement\":[{\"@type\":\"ListItem\",\"position\":1,\"name\":\"Home\",\"item\":\"https:\\\/\\\/www.bischoff-textil.com\\\/en\"},{\"@type\":\"ListItem\",\"position\":2,\"name\":\"Data protection\"}]},{\"@type\":\"WebSite\",\"@id\":\"https:\\\/\\\/www.bischoff-textil.com\\\/en#website\",\"url\":\"https:\\\/\\\/www.bischoff-textil.com\\\/en\",\"name\":\"Bischoff Textil AG\",\"description\":\"\",\"potentialAction\":[{\"@type\":\"SearchAction\",\"target\":{\"@type\":\"EntryPoint\",\"urlTemplate\":\"https:\\\/\\\/www.bischoff-textil.com\\\/en?s={search_term_string}\"},\"query-input\":{\"@type\":\"PropertyValueSpecification\",\"valueRequired\":true,\"valueName\":\"search_term_string\"}}],\"inLanguage\":\"en-GB\"}]}<\/script>\n<!-- \/ Yoast SEO plugin. -->","yoast_head_json":{"title":"Data protection - Bischoff Textil AG","description":"Data protection - Unser Fokus sind Auftragsstickereien, technische Textilien und Spezialit\u00e4ten. Wir entwickeln sie auf Kundenwunsch \u2013 mit viel Fingerspitzengef\u00fchl, Flexibilit\u00e4t und dem h\u00f6chsten Anspruch an Qualit\u00e4t. Dabei setzen wir auf \u00fcber 90 Jahre Erfahrung im Stickereibereich und den Produktionsstandort Schweiz.","robots":{"index":"index","follow":"follow","max-snippet":"max-snippet:-1","max-image-preview":"max-image-preview:large","max-video-preview":"max-video-preview:-1"},"canonical":"https:\/\/www.bischoff-textil.com\/en\/data-protection","og_locale":"en_GB","og_type":"article","og_title":"Data protection - Bischoff Textil AG","og_description":"Data protection - Unser Fokus sind Auftragsstickereien, technische Textilien und Spezialit\u00e4ten. Wir entwickeln sie auf Kundenwunsch \u2013 mit viel Fingerspitzengef\u00fchl, Flexibilit\u00e4t und dem h\u00f6chsten Anspruch an Qualit\u00e4t. Dabei setzen wir auf \u00fcber 90 Jahre Erfahrung im Stickereibereich und den Produktionsstandort Schweiz.","og_url":"https:\/\/www.bischoff-textil.com\/en\/data-protection","og_site_name":"Bischoff Textil AG","article_modified_time":"2023-09-22T11:18:45+00:00","og_image":[{"width":1380,"height":690,"url":"https:\/\/www.bischoff-textil.com\/wp-content\/uploads\/2021\/07\/bischoff-textil-stickerei-st-gallen-1-1380x690.jpg","type":"image\/jpeg"}],"twitter_card":"summary_large_image","twitter_image":"https:\/\/www.bischoff-textil.com\/wp-content\/uploads\/2021\/07\/bischoff-textil-stickerei-st-gallen-1.jpg","schema":{"@context":"https:\/\/schema.org","@graph":[{"@type":"WebPage","@id":"https:\/\/www.bischoff-textil.com\/en\/data-protection","url":"https:\/\/www.bischoff-textil.com\/en\/data-protection","name":"Data protection - Bischoff Textil AG","isPartOf":{"@id":"https:\/\/www.bischoff-textil.com\/en#website"},"datePublished":"2019-09-24T07:01:53+00:00","dateModified":"2023-09-22T11:18:45+00:00","description":"Data protection - Unser Fokus sind Auftragsstickereien, technische Textilien und Spezialit\u00e4ten. Wir entwickeln sie auf Kundenwunsch \u2013 mit viel Fingerspitzengef\u00fchl, Flexibilit\u00e4t und dem h\u00f6chsten Anspruch an Qualit\u00e4t. Dabei setzen wir auf \u00fcber 90 Jahre Erfahrung im Stickereibereich und den Produktionsstandort Schweiz.","breadcrumb":{"@id":"https:\/\/www.bischoff-textil.com\/en\/data-protection#breadcrumb"},"inLanguage":"en-GB","potentialAction":[{"@type":"ReadAction","target":["https:\/\/www.bischoff-textil.com\/en\/data-protection"]}]},{"@type":"BreadcrumbList","@id":"https:\/\/www.bischoff-textil.com\/en\/data-protection#breadcrumb","itemListElement":[{"@type":"ListItem","position":1,"name":"Home","item":"https:\/\/www.bischoff-textil.com\/en"},{"@type":"ListItem","position":2,"name":"Data protection"}]},{"@type":"WebSite","@id":"https:\/\/www.bischoff-textil.com\/en#website","url":"https:\/\/www.bischoff-textil.com\/en","name":"Bischoff Textil AG","description":"","potentialAction":[{"@type":"SearchAction","target":{"@type":"EntryPoint","urlTemplate":"https:\/\/www.bischoff-textil.com\/en?s={search_term_string}"},"query-input":{"@type":"PropertyValueSpecification","valueRequired":true,"valueName":"search_term_string"}}],"inLanguage":"en-GB"}]}},"_links":{"self":[{"href":"https:\/\/www.bischoff-textil.com\/en\/wp-json\/wp\/v2\/pages\/1004","targetHints":{"allow":["GET"]}}],"collection":[{"href":"https:\/\/www.bischoff-textil.com\/en\/wp-json\/wp\/v2\/pages"}],"about":[{"href":"https:\/\/www.bischoff-textil.com\/en\/wp-json\/wp\/v2\/types\/page"}],"author":[{"embeddable":true,"href":"https:\/\/www.bischoff-textil.com\/en\/wp-json\/wp\/v2\/users\/1"}],"replies":[{"embeddable":true,"href":"https:\/\/www.bischoff-textil.com\/en\/wp-json\/wp\/v2\/comments?post=1004"}],"version-history":[{"count":0,"href":"https:\/\/www.bischoff-textil.com\/en\/wp-json\/wp\/v2\/pages\/1004\/revisions"}],"wp:attachment":[{"href":"https:\/\/www.bischoff-textil.com\/en\/wp-json\/wp\/v2\/media?parent=1004"}],"curies":[{"name":"wp","href":"https:\/\/api.w.org\/{rel}","templated":true}]}}